{"id":135,"date":"2023-05-24T18:37:09","date_gmt":"2023-05-24T18:37:09","guid":{"rendered":"https:\/\/fundacjatak.org\/?page_id=135"},"modified":"2023-05-24T19:01:17","modified_gmt":"2023-05-24T19:01:17","slug":"historia-powstania","status":"publish","type":"page","link":"https:\/\/fundacjatak.org\/?page_id=135","title":{"rendered":"Historia powstania"},"content":{"rendered":"\t\t<div data-elementor-type=\"wp-page\" data-elementor-id=\"135\" class=\"elementor elementor-135\">\n\t\t\t\t\t\t<section class=\"elementor-section elementor-top-section elementor-element elementor-element-add14e8 elementor-section-height-min-height elementor-section-boxed elementor-section-height-default elementor-section-items-middle\" data-id=\"add14e8\" data-element_type=\"section\" data-settings=\"{&quot;background_background&quot;:&quot;classic&quot;}\">\n\t\t\t\t\t\t\t<div class=\"elementor-background-overlay\"><\/div>\n\t\t\t\t\t\t\t<div class=\"elementor-container elementor-column-gap-default\">\n\t\t\t\t\t<div class=\"elementor-column elementor-col-100 elementor-top-column elementor-element elementor-element-4321517\" data-id=\"4321517\" data-element_type=\"column\">\n\t\t\t<div class=\"elementor-widget-wrap elementor-element-populated\">\n\t\t\t\t\t\t<div class=\"elementor-element elementor-element-b19b87f elementor-widget elementor-widget-text-editor\" data-id=\"b19b87f\" data-element_type=\"widget\" data-widget_type=\"text-editor.default\">\n\t\t\t\t<div class=\"elementor-widget-container\">\n\t\t\t<style>\/*! elementor - v3.19.0 - 07-02-2024 *\/\n.elementor-widget-text-editor.elementor-drop-cap-view-stacked .elementor-drop-cap{background-color:#69727d;color:#fff}.elementor-widget-text-editor.elementor-drop-cap-view-framed .elementor-drop-cap{color:#69727d;border:3px solid;background-color:transparent}.elementor-widget-text-editor:not(.elementor-drop-cap-view-default) .elementor-drop-cap{margin-top:8px}.elementor-widget-text-editor:not(.elementor-drop-cap-view-default) .elementor-drop-cap-letter{width:1em;height:1em}.elementor-widget-text-editor .elementor-drop-cap{float:left;text-align:center;line-height:1;font-size:50px}.elementor-widget-text-editor .elementor-drop-cap-letter{display:inline-block}<\/style>\t\t\t\t<p><strong>HISTORIA POWSTANIA<\/strong><\/p>\t\t\t\t\t\t<\/div>\n\t\t\t\t<\/div>\n\t\t\t\t\t<\/div>\n\t\t<\/div>\n\t\t\t\t\t<\/div>\n\t\t<\/section>\n\t\t\t\t<section class=\"elementor-section elementor-top-section elementor-element elementor-element-1a6e981 elementor-section-boxed elementor-section-height-default elementor-section-height-default\" data-id=\"1a6e981\" data-element_type=\"section\">\n\t\t\t\t\t\t<div class=\"elementor-container elementor-column-gap-default\">\n\t\t\t\t\t<div class=\"elementor-column elementor-col-100 elementor-top-column elementor-element elementor-element-e2c54d3\" data-id=\"e2c54d3\" data-element_type=\"column\">\n\t\t\t<div class=\"elementor-widget-wrap elementor-element-populated\">\n\t\t\t\t\t\t<div class=\"elementor-element elementor-element-77b47e8 elementor-widget elementor-widget-text-editor\" data-id=\"77b47e8\" data-element_type=\"widget\" data-widget_type=\"text-editor.default\">\n\t\t\t\t<div class=\"elementor-widget-container\">\n\t\t\t\t\t\t\t<p style=\"font-weight: 400;\">Zacz\u0119\u0142o si\u0119 od\u2026<\/p><p style=\"font-weight: 400;\">kolejnego wsp\u00f3lnego wyjazdu w 2012 roku na projekt mi\u0119dzynarodowy z m\u0142odzie\u017c\u0105 niepe\u0142nosprawn\u0105. \u00a0Cieszy\u0142y\u015bmy si\u0119 z milowych krok\u00f3w, kt\u00f3re robi\u0142a m\u0142odzie\u017c &#8211; na co dzie\u0144 nie zauwa\u017cana. By\u0142 to swojego rodzaju sukces wychowawczy, na kt\u00f3ry pracowa\u0142y\u015bmy wszystkie.<\/p><p style=\"font-weight: 400;\">Moja kole\u017canka &#8211; Agnieszka L. &#8211; weteranka w projektach ju\u017c my\u015bla\u0142a o kolejnym wyje\u017adzie z m\u0142odzie\u017c\u0105. Moja druga towarzyszka Kasia D., kt\u00f3ra zacz\u0119\u0142a z nami wsp\u00f3\u0142pracowa\u0107 na p\u0142aszczy\u017anie edukacji pozaformalnej by\u0142a pe\u0142na entuzjazmu i zapa\u0142u do kolejnych wyzwa\u0144. Oczywi\u015bcie i ja \u2013 Dorota (niepoprawna optymistka) ciesz\u0105ca si\u0119 z ma\u0142ych rzeczy, kt\u00f3re uskrzydla\u0142y mnie do kolejnych dzia\u0142a\u0144. Zawsze wspiera\u0142a nas grupa przyjaci\u00f3\u0142 i os\u00f3b \u017cyczliwych.<\/p><p style=\"font-weight: 400;\">Pracowa\u0142y\u015bmy z m\u0142odzie\u017c\u0105 niepe\u0142nosprawn\u0105 do\u015b\u0107 d\u0142ugo i nie ba\u0142y\u015bmy si\u0119 trudno\u015bci z tym zwi\u0105zanych, wi\u0119c pod koniec roku postanowi\u0142y\u015bmy za\u0142o\u017cy\u0107 fundacj\u0119, kt\u00f3ra ma du\u017ce mo\u017cliwo\u015bci pracy metodami projektowymi.<\/p><p style=\"font-weight: 400;\">Podczas ustalania, kto b\u0119dzie naszym odbiorc\u0105,\u00a0 co i w jaki spos\u00f3b chcemy te\u017c robi\u0107 zauwa\u017cy\u0142y\u015bmy, \u017ce wszystko o czym dyskutowa\u0142y\u015bmy by\u0142o na TAK\uf04a<\/p><p style=\"font-weight: 400;\">Tak, wi\u0119c powsta\u0142a nasza nazwa Fundacja \u2018TAK\u2019, w kt\u00f3rym zawar\u0142a si\u0119 Tw\u00f3rczo\u015b\u0107 i Aktywno\u015b\u0107 do dzia\u0142ania, dlatego bo, jeste\u015bmy osobami Kochaj\u0105cymi ludzi.<\/p><p style=\"font-weight: 400;\">I powsta\u0142a\u2026<\/p><p style=\"font-weight: 400;\">w marcu 2013 roku Fundacja \u2018TAK\u2019 \u2013 Tw\u00f3rczy, Aktywni, Kochaj\u0105cy.\u00a0 Za\u0142o\u017cona z potrzeby niesienia pomocy i wsparcia osobom niepe\u0142nosprawnym, wykluczonym spo\u0142ecznie, ubogim jak r\u00f3wnie\u017c wszystkim tym, kt\u00f3rzy chcieli by nada\u0107 nowy kierunek w swoim \u017cyciu &#8211; dotycz\u0105cy zar\u00f3wno w\u0142asnego rozwoju jak i niesienia pomocy innym. Ukierunkowali\u015bmy nasze wysi\u0142ki na potrzeby m\u0142odych ludziach, kt\u00f3rzy mog\u0105 zmieni\u0107 \u00a0przysz\u0142o\u015b\u0107. Szczeg\u00f3lnie bliska jest nam droga ich rozwoju przez aktywno\u015b\u0107 w dzia\u0142aniach. Realizowane projekty, potwierdzaj\u0105 nasz\u0105 skuteczno\u015b\u0107.\u00a0 Pokaza\u0142y, \u017ce warto zainwestowa\u0107 w aktywizacj\u0119 m\u0142odzie\u017cy dzi\u015b, bo zmienia to lepsze jutro dla wszystkich. Nie ma barier, kt\u00f3re ogranicza\u0142y by nawet osoby niepe\u0142nosprawne w aktywno\u015bci. Wystarczy odpowiednio dobra\u0107 rodzaj aktywno\u015bci lub obni\u017cy\u0107 poprzeczk\u0119 i wtedy nic nie stoi na przeszkodzie w pokonywaniu s\u0142abo\u015bci i odniesieniu sukcesu.<\/p><p style=\"font-weight: 400;\">Widzimy sens naszej pracy, kiedy patrzymy w przesz\u0142o\u015b\u0107 tych os\u00f3b, z kt\u00f3rymi zaczynali\u015bmy pracowa\u0107 i widzimy jak ewaluuj\u0105 staj\u0105c si\u0119 tw\u00f3rcami nowych wyzwa\u0144 i cel\u00f3w.<\/p><p style=\"font-weight: 400;\">W tym wszystkim dalej wspieraj\u0105 nas nasi przyjaciele, aby\u015bmy mogli \u0142\u0105czy\u0107 dzieci, m\u0142odzie\u017cy i pokolenia id\u0105c wsp\u00f3lnym \u2018mostem zrozumienia\u2019.\u00a0<\/p><p style=\"font-weight: 400;\">I jeste\u015bmy\u2026<\/p><p style=\"font-weight: 400;\">z Wami i dla Was, tak d\u0142ugo, jak d\u0142ugo b\u0119dziecie nas potrzebowa\u0107.<\/p>\t\t\t\t\t\t<\/div>\n\t\t\t\t<\/div>\n\t\t\t\t\t<\/div>\n\t\t<\/div>\n\t\t\t\t\t<\/div>\n\t\t<\/section>\n\t\t\t\t<section class=\"elementor-section elementor-top-section elementor-element elementor-element-94b1b92 elementor-section-height-min-height elementor-section-boxed elementor-section-height-default elementor-section-items-middle\" data-id=\"94b1b92\" data-element_type=\"section\" data-settings=\"{&quot;shape_divider_bottom&quot;:&quot;wave-brush&quot;}\">\n\t\t\t\t\t<div class=\"elementor-shape elementor-shape-bottom\" data-negative=\"false\">\n\t\t\t<svg xmlns=\"http:\/\/www.w3.org\/2000\/svg\" viewBox=\"0 0 283.5 27.8\" preserveAspectRatio=\"none\">\n\t<path class=\"elementor-shape-fill\" d=\"M283.5,9.7c0,0-7.3,4.3-14,4.6c-6.8,0.3-12.6,0-20.9-1.5c-11.3-2-33.1-10.1-44.7-5.7\ts-12.1,4.6-18,7.4c-6.6,3.2-20,9.6-36.6,9.3C131.6,23.5,99.5,7.2,86.3,8c-1.4,0.1-6.6,0.8-10.5,2c-3.8,1.2-9.4,3.8-17,4.7\tc-3.2,0.4-8.3,1.1-14.2,0.9c-1.5-0.1-6.3-0.4-12-1.6c-5.7-1.2-11-3.1-15.8-3.7C6.5,9.2,0,10.8,0,10.8V0h283.5V9.7z M260.8,11.3\tc-0.7-1-2-0.4-4.3-0.4c-2.3,0-6.1-1.2-5.8-1.1c0.3,0.1,3.1,1.5,6,1.9C259.7,12.2,261.4,12.3,260.8,11.3z M242.4,8.6\tc0,0-2.4-0.2-5.6-0.9c-3.2-0.8-10.3-2.8-15.1-3.5c-8.2-1.1-15.8,0-15.1,0.1c0.8,0.1,9.6-0.6,17.6,1.1c3.3,0.7,9.3,2.2,12.4,2.7\tC239.9,8.7,242.4,8.6,242.4,8.6z M185.2,8.5c1.7-0.7-13.3,4.7-18.5,6.1c-2.1,0.6-6.2,1.6-10,2c-3.9,0.4-8.9,0.4-8.8,0.5\tc0,0.2,5.8,0.8,11.2,0c5.4-0.8,5.2-1.1,7.6-1.6C170.5,14.7,183.5,9.2,185.2,8.5z M199.1,6.9c0.2,0-0.8-0.4-4.8,1.1\tc-4,1.5-6.7,3.5-6.9,3.7c-0.2,0.1,3.5-1.8,6.6-3C197,7.5,199,6.9,199.1,6.9z M283,6c-0.1,0.1-1.9,1.1-4.8,2.5s-6.9,2.8-6.7,2.7\tc0.2,0,3.5-0.6,7.4-2.5C282.8,6.8,283.1,5.9,283,6z M31.3,11.6c0.1-0.2-1.9-0.2-4.5-1.2s-5.4-1.6-7.8-2C15,7.6,7.3,8.5,7.7,8.6\tC8,8.7,15.9,8.3,20.2,9.3c2.2,0.5,2.4,0.5,5.7,1.6S31.2,11.9,31.3,11.6z M73,9.2c0.4-0.1,3.5-1.6,8.4-2.6c4.9-1.1,8.9-0.5,8.9-0.8\tc0-0.3-1-0.9-6.2-0.3S72.6,9.3,73,9.2z M71.6,6.7C71.8,6.8,75,5.4,77.3,5c2.3-0.3,1.9-0.5,1.9-0.6c0-0.1-1.1-0.2-2.7,0.2\tC74.8,5.1,71.4,6.6,71.6,6.7z M93.6,4.4c0.1,0.2,3.5,0.8,5.6,1.8c2.1,1,1.8,0.6,1.9,0.5c0.1-0.1-0.8-0.8-2.4-1.3\tC97.1,4.8,93.5,4.2,93.6,4.4z M65.4,11.1c-0.1,0.3,0.3,0.5,1.9-0.2s2.6-1.3,2.2-1.2s-0.9,0.4-2.5,0.8C65.3,10.9,65.5,10.8,65.4,11.1\tz M34.5,12.4c-0.2,0,2.1,0.8,3.3,0.9c1.2,0.1,2,0.1,2-0.2c0-0.3-0.1-0.5-1.6-0.4C36.6,12.8,34.7,12.4,34.5,12.4z M152.2,21.1\tc-0.1,0.1-2.4-0.3-7.5-0.3c-5,0-13.6-2.4-17.2-3.5c-3.6-1.1,10,3.9,16.5,4.1C150.5,21.6,152.3,21,152.2,21.1z\"\/>\n\t<path class=\"elementor-shape-fill\" d=\"M269.6,18c-0.1-0.1-4.6,0.3-7.2,0c-7.3-0.7-17-3.2-16.6-2.9c0.4,0.3,13.7,3.1,17,3.3\tC267.7,18.8,269.7,18,269.6,18z\"\/>\n\t<path class=\"elementor-shape-fill\" d=\"M227.4,9.8c-0.2-0.1-4.5-1-9.5-1.2c-5-0.2-12.7,0.6-12.3,0.5c0.3-0.1,5.9-1.8,13.3-1.2\tS227.6,9.9,227.4,9.8z\"\/>\n\t<path class=\"elementor-shape-fill\" d=\"M204.5,13.4c-0.1-0.1,2-1,3.2-1.1c1.2-0.1,2,0,2,0.3c0,0.3-0.1,0.5-1.6,0.4\tC206.4,12.9,204.6,13.5,204.5,13.4z\"\/>\n\t<path class=\"elementor-shape-fill\" d=\"M201,10.6c0-0.1-4.4,1.2-6.3,2.2c-1.9,0.9-6.2,3.1-6.1,3.1c0.1,0.1,4.2-1.6,6.3-2.6\tS201,10.7,201,10.6z\"\/>\n\t<path class=\"elementor-shape-fill\" d=\"M154.5,26.7c-0.1-0.1-4.6,0.3-7.2,0c-7.3-0.7-17-3.2-16.6-2.9c0.4,0.3,13.7,3.1,17,3.3\tC152.6,27.5,154.6,26.8,154.5,26.7z\"\/>\n\t<path class=\"elementor-shape-fill\" d=\"M41.9,19.3c0,0,1.2-0.3,2.9-0.1c1.7,0.2,5.8,0.9,8.2,0.7c4.2-0.4,7.4-2.7,7-2.6\tc-0.4,0-4.3,2.2-8.6,1.9c-1.8-0.1-5.1-0.5-6.7-0.4S41.9,19.3,41.9,19.3z\"\/>\n\t<path class=\"elementor-shape-fill\" d=\"M75.5,12.6c0.2,0.1,2-0.8,4.3-1.1c2.3-0.2,2.1-0.3,2.1-0.5c0-0.1-1.8-0.4-3.4,0\tC76.9,11.5,75.3,12.5,75.5,12.6z\"\/>\n\t<path class=\"elementor-shape-fill\" d=\"M15.6,13.2c0-0.1,4.3,0,6.7,0.5c2.4,0.5,5,1.9,5,2c0,0.1-2.7-0.8-5.1-1.4\tC19.9,13.7,15.7,13.3,15.6,13.2z\"\/>\n<\/svg>\t\t<\/div>\n\t\t\t\t\t<div class=\"elementor-container elementor-column-gap-default\">\n\t\t\t\t\t<div class=\"elementor-column elementor-col-100 elementor-top-column elementor-element elementor-element-a1a5d21\" data-id=\"a1a5d21\" data-element_type=\"column\">\n\t\t\t<div class=\"elementor-widget-wrap\">\n\t\t\t\t\t\t\t<\/div>\n\t\t<\/div>\n\t\t\t\t\t<\/div>\n\t\t<\/section>\n\t\t\t\t<\/div>\n\t\t","protected":false},"excerpt":{"rendered":"<p>HISTORIA POWSTANIA Zacz\u0119\u0142o si\u0119 od\u2026 kolejnego wsp\u00f3lnego wyjazdu w 2012 roku na projekt mi\u0119dzynarodowy z m\u0142odzie\u017c\u0105 niepe\u0142nosprawn\u0105. \u00a0Cieszy\u0142y\u015bmy si\u0119 z milowych krok\u00f3w, kt\u00f3re robi\u0142a m\u0142odzie\u017c &#8211; na co dzie\u0144 nie zauwa\u017cana. By\u0142 to swojego rodzaju sukces wychowawczy, na kt\u00f3ry pracowa\u0142y\u015bmy wszystkie. Moja kole\u017canka &#8211; Agnieszka L. &#8211; weteranka w projektach ju\u017c my\u015bla\u0142a o kolejnym wyje\u017adzie [&hellip;]<\/p>\n","protected":false},"author":1,"featured_media":0,"parent":0,"menu_order":0,"comment_status":"closed","ping_status":"closed","template":"","meta":[],"_links":{"self":[{"href":"https:\/\/fundacjatak.org\/index.php?rest_route=\/wp\/v2\/pages\/135"}],"collection":[{"href":"https:\/\/fundacjatak.org\/index.php?rest_route=\/wp\/v2\/pages"}],"about":[{"href":"https:\/\/fundacjatak.org\/index.php?rest_route=\/wp\/v2\/types\/page"}],"author":[{"embeddable":true,"href":"https:\/\/fundacjatak.org\/index.php?rest_route=\/wp\/v2\/users\/1"}],"replies":[{"embeddable":true,"href":"https:\/\/fundacjatak.org\/index.php?rest_route=%2Fwp%2Fv2%2Fcomments&post=135"}],"version-history":[{"count":7,"href":"https:\/\/fundacjatak.org\/index.php?rest_route=\/wp\/v2\/pages\/135\/revisions"}],"predecessor-version":[{"id":150,"href":"https:\/\/fundacjatak.org\/index.php?rest_route=\/wp\/v2\/pages\/135\/revisions\/150"}],"wp:attachment":[{"href":"https:\/\/fundacjatak.org\/index.php?rest_route=%2Fwp%2Fv2%2Fmedia&parent=135"}],"curies":[{"name":"wp","href":"https:\/\/api.w.org\/{rel}","templated":true}]}}